{"id":49,"date":"2018-10-31T10:20:44","date_gmt":"2018-10-31T13:20:44","guid":{"rendered":"http:\/\/zfautocar.com.br\/2018\/?page_id=49"},"modified":"2018-11-23T20:32:07","modified_gmt":"2018-11-23T23:32:07","slug":"ze-filho-oficina","status":"publish","type":"page","link":"https:\/\/zfautocar.com.br\/2018\/ze-filho-oficina\/","title":{"rendered":"Z\u00e9 Filho Oficina"},"content":{"rendered":"<p>[et_pb_section admin_label=&#8221;section&#8221; fullwidth=&#8221;on&#8221; specialty=&#8221;off&#8221;][et_pb_fullwidth_slider admin_label=&#8221;Fullwidth Slider&#8221; show_arrows=&#8221;on&#8221; show_pagination=&#8221;on&#8221; auto=&#8221;off&#8221; parallax=&#8221;off&#8221; auto_ignore_hover=&#8221;off&#8221; parallax_method=&#8221;off&#8221; remove_inner_shadow=&#8221;off&#8221; background_position=&#8221;default&#8221; background_size=&#8221;default&#8221; hide_content_on_mobile=&#8221;off&#8221; hide_cta_on_mobile=&#8221;off&#8221; show_image_video_mobile=&#8221;off&#8221; custom_button=&#8221;off&#8221; button_letter_spacing=&#8221;0&#8243; button_use_icon=&#8221;default&#8221; button_icon_placement=&#8221;right&#8221; button_on_hover=&#8221;on&#8221; button_letter_spacing_hover=&#8221;0&#8243;]<\/p>\n<p>[et_pb_slide heading=&#8221;Z\u00e9 Filho Oficina&#8221; background_color=&#8221;#000000&#8243; alignment=&#8221;center&#8221; background_layout=&#8221;dark&#8221; background_image=&#8221;https:\/\/zfautocar.com.br\/2018\/wp-content\/uploads\/2018\/10\/painel-2-ZF.png&#8221; background_position=&#8221;default&#8221; background_size=&#8221;default&#8221; use_bg_overlay=&#8221;on&#8221; use_text_overlay=&#8221;off&#8221; allow_player_pause=&#8221;off&#8221; text_border_radius=&#8221;3&#8243; header_font_select=&#8221;default&#8221; header_font=&#8221;||||&#8221; body_font_select=&#8221;default&#8221; body_font=&#8221;||||&#8221; custom_button=&#8221;off&#8221; button_font_select=&#8221;default&#8221; button_font=&#8221;||||&#8221; button_use_icon=&#8221;default&#8221; button_icon_placement=&#8221;right&#8221; button_on_hover=&#8221;on&#8221; bg_overlay_color=&#8221;rgba(25,25,25,0.43)&#8221;]<\/p>\n<p>Qualidade e dedica\u00e7\u00e3o <strong>reconhecida<\/strong><\/p>\n<p>[\/et_pb_slide]<\/p>\n<p>[\/et_pb_fullwidth_slider][\/et_pb_section][et_pb_section admin_label=&#8221;section&#8221;][et_pb_row admin_label=&#8221;row&#8221;][et_pb_column type=&#8221;4_4&#8243;][et_pb_text admin_label=&#8221;Texto&#8221; background_layout=&#8221;light&#8221; text_orientation=&#8221;left&#8221; header_font_size=&#8221;35px&#8221; text_font_size=&#8221;15&#8243; use_border_color=&#8221;off&#8221; border_color=&#8221;#ffffff&#8221; border_style=&#8221;solid&#8221; text_line_height=&#8221;1.9em&#8221; custom_margin=&#8221;|150px||150px&#8221; custom_margin_tablet=&#8221;|0px||0px&#8221; custom_margin_last_edited=&#8221;on|desktop&#8221;]<\/p>\n<h1>Compromisso<\/h1>\n<p><img loading=\"lazy\" class=\"wp-image-69 alignright\" src=\"https:\/\/zfautocar.com.br\/2018\/wp-content\/uploads\/2018\/10\/Z\u00c9-FILHO-logo-aprovado-alteradoAZUL-300x200.png\" alt=\"\" width=\"250\" height=\"167\" srcset=\"https:\/\/zfautocar.com.br\/2018\/wp-content\/uploads\/2018\/10\/Z\u00c9-FILHO-logo-aprovado-alteradoAZUL-300x200.png 300w, https:\/\/zfautocar.com.br\/2018\/wp-content\/uploads\/2018\/10\/Z\u00c9-FILHO-logo-aprovado-alteradoAZUL-768x513.png 768w, https:\/\/zfautocar.com.br\/2018\/wp-content\/uploads\/2018\/10\/Z\u00c9-FILHO-logo-aprovado-alteradoAZUL-1024x684.png 1024w, https:\/\/zfautocar.com.br\/2018\/wp-content\/uploads\/2018\/10\/Z\u00c9-FILHO-logo-aprovado-alteradoAZUL-1080x721.png 1080w\" sizes=\"(max-width: 250px) 100vw, 250px\" \/><br \/>\nH\u00e1 alguns anos Jos\u00e9 Lopes de Sousa em compromisso com suas experi\u00eancias na \u00e1rea de reparo automobil\u00edstico criou a primeira unidade de Fortaleza da Z\u00e9 Filho AutoCar. Gra\u00e7as ao cont\u00ednuo aperfei\u00e7oamento dos servi\u00e7os prestados por sua equipe e pela vasta experi\u00eancia com carros importados garantindo a satisfa\u00e7\u00e3o e, principalmente, a seguran\u00e7a dos clientes tornou-se uma das melhores empresas avaliadas.<\/p>\n<blockquote><p><strong>Avaliada como uma das melhores oficinas de confian\u00e7a e de reparos da capital.<\/strong><\/p><\/blockquote>\n<p>Famoso pela qualidade em Fortaleza, entre carros nacionais e importados a <strong>Z\u00e9 Filho<\/strong> conquistou o mercado e j\u00e1 se programa para uma segunda unidade na capital, que estar\u00e1 em opera\u00e7\u00e3o em 2017. Maior e mais bem equipada para conforto dos seus clientes seguindo a Miss\u00e3o e Vis\u00e3o da empresa.<\/p>\n<p><strong>Facebook<\/strong>: <a href=\"https:\/\/www.facebook.com\/zfautocar\">@zf.autocar<\/a><\/p>\n<p>[\/et_pb_text][et_pb_image admin_label=&#8221;Imagem&#8221; src=&#8221;https:\/\/zfautocar.com.br\/2018\/wp-content\/uploads\/2018\/10\/mvv-small.png&#8221; show_in_lightbox=&#8221;off&#8221; url_new_window=&#8221;off&#8221; use_overlay=&#8221;off&#8221; animation=&#8221;left&#8221; sticky=&#8221;off&#8221; align=&#8221;left&#8221; force_fullwidth=&#8221;off&#8221; always_center_on_mobile=&#8221;on&#8221; use_border_color=&#8221;off&#8221; border_color=&#8221;#ffffff&#8221; border_style=&#8221;solid&#8221; custom_margin=&#8221;50px|150px|50px|150px&#8221; custom_margin_tablet=&#8221;50px|0px|50px|0px&#8221; custom_margin_last_edited=&#8221;on|tablet&#8221;]<\/p>\n<p>&nbsp;<\/p>\n<p>[\/et_pb_image][et_pb_text admin_label=&#8221;Texto&#8221; background_layout=&#8221;light&#8221; text_orientation=&#8221;left&#8221; header_font_size=&#8221;35px&#8221; text_font_size=&#8221;15&#8243; use_border_color=&#8221;off&#8221; border_color=&#8221;#ffffff&#8221; border_style=&#8221;solid&#8221; text_line_height=&#8221;1.9em&#8221; custom_margin=&#8221;|150px||150px&#8221; custom_margin_tablet=&#8221;|0px||0px&#8221; custom_margin_last_edited=&#8221;on|desktop&#8221;]<\/p>\n<h3 style=\"text-align: center;\">A Miss\u00e3o<\/h3>\n<blockquote><p>&#8221; Oferecer qualidade na presta\u00e7\u00e3o do servi\u00e7o de repara\u00e7\u00e3o<br \/>\nveicular com \u00e9tica e transpar\u00eancia, entregando<br \/>\ncredibilidade e seguran\u00e7a aos seus clientes &#8220;.<\/p><\/blockquote>\n<h3 style=\"text-align: center;\">A Vis\u00e3o<\/h3>\n<blockquote><p>&#8221; Transformar-se em um grande centro automotivo com oferta de<br \/>\nservi\u00e7o ampliado em repara\u00e7\u00e3o veicular e comercializando produtos secund\u00e1rios &#8220;.<\/p><\/blockquote>\n<h3 style=\"text-align: center;\">Valores<\/h3>\n<blockquote><p>\u00c9tica;<br \/>\nTranspar\u00eancia em seus Servi\u00e7os;<br \/>\nCompromisso;<br \/>\nGarantia de Qualidade;<\/p><\/blockquote>\n<p>[\/et_pb_text][et_pb_text admin_label=&#8221;Texto&#8221; background_layout=&#8221;light&#8221; text_orientation=&#8221;left&#8221; use_border_color=&#8221;off&#8221; border_color=&#8221;#ffffff&#8221; border_style=&#8221;solid&#8221; custom_margin=&#8221;|150px||150px&#8221; custom_margin_tablet=&#8221;|0px||0px&#8221; custom_margin_last_edited=&#8221;on|phone&#8221;]<\/p>\n<h1 style=\"text-align: center;\">Mapa &amp; Endere\u00e7o<\/h1>\n<p>[\/et_pb_text][et_pb_button admin_label=&#8221;Bot\u00e3o&#8221; button_url=&#8221;https:\/\/zfautocar.com.br\/2018\/novo-endereco&#8221; url_new_window=&#8221;off&#8221; button_text=&#8221;Nova oficina &#8211; Z\u00e9 Filho&#8221; button_alignment=&#8221;center&#8221; background_layout=&#8221;light&#8221; custom_button=&#8221;on&#8221; button_letter_spacing=&#8221;1&#8243; button_use_icon=&#8221;default&#8221; button_icon_placement=&#8221;right&#8221; button_on_hover=&#8221;on&#8221; button_letter_spacing_hover=&#8221;0&#8243; button_text_size=&#8221;25&#8243; button_font=&#8221;|on|||&#8221; button_icon=&#8221;%%28%%&#8221; button_bg_color=&#8221;rgba(5,62,147,0.84)&#8221; button_text_color=&#8221;#9dd0f2&#8243; button_border_radius=&#8221;6&#8243;]<\/p>\n<p>&nbsp;<\/p>\n<p>[\/et_pb_button][et_pb_text admin_label=&#8221;Texto&#8221; background_layout=&#8221;light&#8221; text_orientation=&#8221;left&#8221; use_border_color=&#8221;off&#8221; border_color=&#8221;#ffffff&#8221; border_style=&#8221;solid&#8221; custom_margin=&#8221;|150px||150px&#8221; custom_margin_tablet=&#8221;|0px||0px&#8221; custom_margin_last_edited=&#8221;on|tablet&#8221;]<\/p>\n<h3>Castel\u00e3o<\/h3>\n<p><strong>Rua da Bandeira, 146<br \/>\n<\/strong>Barroso, Fortaleza &#8211; CE<br \/>\n<em>(Av. Paulino Rocha, pr\u00f3ximo ao Castel\u00e3o)<\/em><\/p>\n<p><img loading=\"lazy\" class=\"alignnone wp-image-100 size-full\" src=\"https:\/\/zfautocar.com.br\/2018\/wp-content\/uploads\/2018\/10\/mapa-castelao.png\" alt=\"\" width=\"1361\" height=\"585\" srcset=\"https:\/\/zfautocar.com.br\/2018\/wp-content\/uploads\/2018\/10\/mapa-castelao.png 1361w, https:\/\/zfautocar.com.br\/2018\/wp-content\/uploads\/2018\/10\/mapa-castelao-300x129.png 300w, https:\/\/zfautocar.com.br\/2018\/wp-content\/uploads\/2018\/10\/mapa-castelao-768x330.png 768w, https:\/\/zfautocar.com.br\/2018\/wp-content\/uploads\/2018\/10\/mapa-castelao-1024x440.png 1024w, https:\/\/zfautocar.com.br\/2018\/wp-content\/uploads\/2018\/10\/mapa-castelao-1080x464.png 1080w\" sizes=\"(max-width: 1361px) 100vw, 1361px\" \/><\/p>\n<h3>Joaquim T\u00e1vora<\/h3>\n<p><strong>Rua Bar\u00e3o de Aracati, 3035<\/strong><br \/>\nJoaquim T\u00e1vora, Fortaleza &#8211; CE<\/p>\n<p><img loading=\"lazy\" class=\"alignnone wp-image-99 size-full\" src=\"https:\/\/zfautocar.com.br\/2018\/wp-content\/uploads\/2018\/10\/mapa-barao.png\" alt=\"\" width=\"1366\" height=\"598\" srcset=\"https:\/\/zfautocar.com.br\/2018\/wp-content\/uploads\/2018\/10\/mapa-barao.png 1366w, https:\/\/zfautocar.com.br\/2018\/wp-content\/uploads\/2018\/10\/mapa-barao-300x131.png 300w, https:\/\/zfautocar.com.br\/2018\/wp-content\/uploads\/2018\/10\/mapa-barao-768x336.png 768w, https:\/\/zfautocar.com.br\/2018\/wp-content\/uploads\/2018\/10\/mapa-barao-1024x448.png 1024w, https:\/\/zfautocar.com.br\/2018\/wp-content\/uploads\/2018\/10\/mapa-barao-1080x473.png 1080w\" sizes=\"(max-width: 1366px) 100vw, 1366px\" \/><\/p>\n<p>[\/et_pb_text][\/et_pb_column][\/et_pb_row][et_pb_row admin_label=&#8221;Row&#8221;][et_pb_column type=&#8221;1_2&#8243;][et_pb_button admin_label=&#8221;Button&#8221; button_url=&#8221;https:\/\/facebook.com\/zfautocar&#8221; url_new_window=&#8221;on&#8221; button_text=&#8221;Facebook&#8221; button_alignment=&#8221;right&#8221; background_layout=&#8221;dark&#8221; custom_button=&#8221;on&#8221; button_letter_spacing=&#8221;0&#8243; button_use_icon=&#8221;on&#8221; button_icon_placement=&#8221;left&#8221; button_on_hover=&#8221;on&#8221; button_letter_spacing_hover=&#8221;0&#8243; button_text_size=&#8221;30&#8243; button_text_color=&#8221;#ffffff&#8221; button_bg_color=&#8221;#0c8ccc&#8221; button_icon=&#8221;%%337%%&#8221; button_border_radius=&#8221;7&#8243;]<\/p>\n<p>&nbsp;<\/p>\n<p>[\/et_pb_button][\/et_pb_column][et_pb_column type=&#8221;1_2&#8243;][et_pb_button admin_label=&#8221;Button&#8221; button_url=&#8221;https:\/\/www.instagram.com\/zf.oficina\/&#8221; url_new_window=&#8221;on&#8221; button_text=&#8221;Instagram&#8221; button_alignment=&#8221;left&#8221; background_layout=&#8221;dark&#8221; custom_button=&#8221;on&#8221; button_letter_spacing=&#8221;0&#8243; button_use_icon=&#8221;on&#8221; button_icon_placement=&#8221;right&#8221; button_on_hover=&#8221;on&#8221; button_letter_spacing_hover=&#8221;0&#8243; button_text_size=&#8221;30&#8243; button_text_color=&#8221;#ffffff&#8221; button_bg_color=&#8221;#c10bb8&#8243; button_icon=&#8221;%%344%%&#8221; button_border_radius=&#8221;7&#8243;]<\/p>\n<p>&nbsp;<\/p>\n<p>[\/et_pb_button][\/et_pb_column][\/et_pb_row][\/et_pb_section]<\/p>\n","protected":false},"excerpt":{"rendered":"<p>[et_pb_section admin_label=&#8221;section&#8221; fullwidth=&#8221;on&#8221; specialty=&#8221;off&#8221;][et_pb_fullwidth_slider admin_label=&#8221;Fullwidth Slider&#8221; show_arrows=&#8221;on&#8221; show_pagination=&#8221;on&#8221; auto=&#8221;off&#8221; parallax=&#8221;off&#8221; auto_ignore_hover=&#8221;off&#8221; parallax_method=&#8221;off&#8221; remove_inner_shadow=&#8221;off&#8221; background_position=&#8221;default&#8221; background_size=&#8221;default&#8221; hide_content_on_mobile=&#8221;off&#8221; hide_cta_on_mobile=&#8221;off&#8221; show_image_video_mobile=&#8221;off&#8221; custom_button=&#8221;off&#8221; button_letter_spacing=&#8221;0&#8243; button_use_icon=&#8221;default&#8221; button_icon_placement=&#8221;right&#8221; button_on_hover=&#8221;on&#8221; button_letter_spacing_hover=&#8221;0&#8243;] [et_pb_slide heading=&#8221;Z\u00e9 Filho Oficina&#8221; background_color=&#8221;#000000&#8243; alignment=&#8221;center&#8221; background_layout=&#8221;dark&#8221; background_image=&#8221;https:\/\/zfautocar.com.br\/2018\/wp-content\/uploads\/2018\/10\/painel-2-ZF.png&#8221; background_position=&#8221;default&#8221; background_size=&#8221;default&#8221; use_bg_overlay=&#8221;on&#8221; use_text_overlay=&#8221;off&#8221; allow_player_pause=&#8221;off&#8221; text_border_radius=&#8221;3&#8243; header_font_select=&#8221;default&#8221; header_font=&#8221;||||&#8221; body_font_select=&#8221;default&#8221; body_font=&#8221;||||&#8221; custom_button=&#8221;off&#8221; button_font_select=&#8221;default&#8221; button_font=&#8221;||||&#8221; button_use_icon=&#8221;default&#8221; button_icon_placement=&#8221;right&#8221; button_on_hover=&#8221;on&#8221; bg_overlay_color=&#8221;rgba(25,25,25,0.43)&#8221;] Qualidade e dedica\u00e7\u00e3o reconhecida [\/et_pb_slide] [\/et_pb_fullwidth_slider][\/et_pb_section][et_pb_section [&hellip;]<\/p>\n","protected":false},"author":1,"featured_media":0,"parent":0,"menu_order":0,"comment_status":"closed","ping_status":"closed","template":"","meta":[],"_links":{"self":[{"href":"https:\/\/zfautocar.com.br\/2018\/wp-json\/wp\/v2\/pages\/49"}],"collection":[{"href":"https:\/\/zfautocar.com.br\/2018\/wp-json\/wp\/v2\/pages"}],"about":[{"href":"https:\/\/zfautocar.com.br\/2018\/wp-json\/wp\/v2\/types\/page"}],"author":[{"embeddable":true,"href":"https:\/\/zfautocar.com.br\/2018\/wp-json\/wp\/v2\/users\/1"}],"replies":[{"embeddable":true,"href":"https:\/\/zfautocar.com.br\/2018\/wp-json\/wp\/v2\/comments?post=49"}],"version-history":[{"count":31,"href":"https:\/\/zfautocar.com.br\/2018\/wp-json\/wp\/v2\/pages\/49\/revisions"}],"predecessor-version":[{"id":542,"href":"https:\/\/zfautocar.com.br\/2018\/wp-json\/wp\/v2\/pages\/49\/revisions\/542"}],"wp:attachment":[{"href":"https:\/\/zfautocar.com.br\/2018\/wp-json\/wp\/v2\/media?parent=49"}],"curies":[{"name":"wp","href":"https:\/\/api.w.org\/{rel}","templated":true}]}}