{"id":50,"date":"2018-10-31T10:20:42","date_gmt":"2018-10-31T13:20:42","guid":{"rendered":"http:\/\/zfautocar.com.br\/2018\/?page_id=50"},"modified":"2018-11-24T18:43:43","modified_gmt":"2018-11-24T21:43:43","slug":"servicos-especializados","status":"publish","type":"page","link":"https:\/\/zfautocar.com.br\/2018\/servicos-especializados\/","title":{"rendered":"Servi\u00e7os Especializados"},"content":{"rendered":"<p>[et_pb_section admin_label=&#8221;section&#8221;][et_pb_row admin_label=&#8221;Linha&#8221;][et_pb_column type=&#8221;4_4&#8243;][et_pb_text admin_label=&#8221;Texto&#8221; background_layout=&#8221;light&#8221; text_orientation=&#8221;center&#8221; use_border_color=&#8221;off&#8221; border_color=&#8221;#ffffff&#8221; border_style=&#8221;solid&#8221; header_font=&#8221;Bitter||||&#8221; custom_margin=&#8221;0px||50px|&#8221; custom_padding=&#8221;0px||0px|&#8221; header_font_size=&#8221;38px&#8221;]<\/p>\n<h1>Servi\u00e7os Especializados<\/h1>\n<p>[\/et_pb_text][\/et_pb_column][\/et_pb_row][et_pb_row admin_label=&#8221;row&#8221;][et_pb_column type=&#8221;1_3&#8243;][et_pb_blurb admin_label=&#8221;Blurb&#8221; title=&#8221;Suspens\u00e3o&#8221; url_new_window=&#8221;off&#8221; use_icon=&#8221;off&#8221; icon_color=&#8221;#2ea3f2&#8243; use_circle=&#8221;off&#8221; circle_color=&#8221;#2ea3f2&#8243; use_circle_border=&#8221;off&#8221; circle_border_color=&#8221;#2ea3f2&#8243; image=&#8221;https:\/\/zfautocar.com.br\/2018\/wp-content\/uploads\/2018\/11\/suspensao-automotiva-.jpg&#8221; icon_placement=&#8221;top&#8221; animation=&#8221;top&#8221; background_layout=&#8221;light&#8221; text_orientation=&#8221;center&#8221; use_icon_font_size=&#8221;off&#8221; use_border_color=&#8221;off&#8221; border_color=&#8221;#ffffff&#8221; border_style=&#8221;solid&#8221; header_font=&#8221;Bitter||||&#8221; header_font_size=&#8221;20&#8243;]<\/p>\n<p>Mec\u00e2nica, Pneum\u00e1tica, Hidr\u00e1ulica<\/p>\n<p>[\/et_pb_blurb][et_pb_blurb admin_label=&#8221;Blurb&#8221; title=&#8221;El\u00e9trica e Eletr\u00f4nica&#8221; url_new_window=&#8221;off&#8221; use_icon=&#8221;off&#8221; icon_color=&#8221;#2ea3f2&#8243; use_circle=&#8221;off&#8221; circle_color=&#8221;#2ea3f2&#8243; use_circle_border=&#8221;off&#8221; circle_border_color=&#8221;#2ea3f2&#8243; image=&#8221;https:\/\/zfautocar.com.br\/2018\/wp-content\/uploads\/2018\/11\/el\u00e9trica.jpg&#8221; icon_placement=&#8221;top&#8221; animation=&#8221;top&#8221; background_layout=&#8221;light&#8221; text_orientation=&#8221;center&#8221; use_icon_font_size=&#8221;off&#8221; use_border_color=&#8221;off&#8221; border_color=&#8221;#ffffff&#8221; border_style=&#8221;solid&#8221; header_font=&#8221;Bitter||||&#8221; header_font_size=&#8221;20&#8243;] [\/et_pb_blurb][et_pb_blurb admin_label=&#8221;Blurb&#8221; title=&#8221;Freios&#8221; url_new_window=&#8221;off&#8221; use_icon=&#8221;off&#8221; icon_color=&#8221;#2ea3f2&#8243; use_circle=&#8221;off&#8221; circle_color=&#8221;#2ea3f2&#8243; use_circle_border=&#8221;off&#8221; circle_border_color=&#8221;#2ea3f2&#8243; image=&#8221;https:\/\/zfautocar.com.br\/2018\/wp-content\/uploads\/2018\/11\/frenos-abs.jpg&#8221; icon_placement=&#8221;top&#8221; animation=&#8221;top&#8221; background_layout=&#8221;light&#8221; text_orientation=&#8221;center&#8221; use_icon_font_size=&#8221;off&#8221; use_border_color=&#8221;off&#8221; border_color=&#8221;#ffffff&#8221; border_style=&#8221;solid&#8221; header_font=&#8221;Bitter||||&#8221; header_font_size=&#8221;20&#8243;]<\/p>\n<p>ABS e Convencional<\/p>\n<p>[\/et_pb_blurb][\/et_pb_column][et_pb_column type=&#8221;1_3&#8243;][et_pb_blurb admin_label=&#8221;Blurb&#8221; title=&#8221;Motores&#8221; url_new_window=&#8221;off&#8221; use_icon=&#8221;off&#8221; icon_color=&#8221;#2ea3f2&#8243; use_circle=&#8221;off&#8221; circle_color=&#8221;#2ea3f2&#8243; use_circle_border=&#8221;off&#8221; circle_border_color=&#8221;#2ea3f2&#8243; image=&#8221;https:\/\/zfautocar.com.br\/2018\/wp-content\/uploads\/2018\/11\/Motor-diesel-2.0l-tdci-1024&#215;813.jpg&#8221; icon_placement=&#8221;top&#8221; animation=&#8221;top&#8221; background_layout=&#8221;light&#8221; text_orientation=&#8221;center&#8221; use_icon_font_size=&#8221;off&#8221; use_border_color=&#8221;off&#8221; border_color=&#8221;#ffffff&#8221; border_style=&#8221;solid&#8221; header_font=&#8221;Bitter||||&#8221; header_font_size=&#8221;20&#8243;]<\/p>\n<p>Diesel e Combust\u00edvel<\/p>\n<p>[\/et_pb_blurb][et_pb_blurb admin_label=&#8221;Blurb&#8221; title=&#8221;AirBags e Imobilizadores&#8221; url_new_window=&#8221;off&#8221; use_icon=&#8221;off&#8221; icon_color=&#8221;#2ea3f2&#8243; use_circle=&#8221;off&#8221; circle_color=&#8221;#2ea3f2&#8243; use_circle_border=&#8221;off&#8221; circle_border_color=&#8221;#2ea3f2&#8243; image=&#8221;https:\/\/zfautocar.com.br\/2018\/wp-content\/uploads\/2018\/11\/air-bag.jpg&#8221; icon_placement=&#8221;top&#8221; animation=&#8221;top&#8221; background_layout=&#8221;light&#8221; text_orientation=&#8221;center&#8221; use_icon_font_size=&#8221;off&#8221; use_border_color=&#8221;off&#8221; border_color=&#8221;#ffffff&#8221; border_style=&#8221;solid&#8221; header_font=&#8221;Bitter||||&#8221; header_font_size=&#8221;20&#8243;]<\/p>\n<p>Servi\u00e7o especializado<\/p>\n<p>[\/et_pb_blurb][et_pb_blurb admin_label=&#8221;Blurb&#8221; title=&#8221;Pain\u00e9is eletr\u00f4nicos&#8221; url_new_window=&#8221;off&#8221; use_icon=&#8221;off&#8221; icon_color=&#8221;#2ea3f2&#8243; use_circle=&#8221;off&#8221; circle_color=&#8221;#2ea3f2&#8243; use_circle_border=&#8221;off&#8221; circle_border_color=&#8221;#2ea3f2&#8243; image=&#8221;https:\/\/zfautocar.com.br\/2018\/wp-content\/uploads\/2018\/11\/painel-eletronico.jpg&#8221; icon_placement=&#8221;top&#8221; animation=&#8221;top&#8221; background_layout=&#8221;light&#8221; text_orientation=&#8221;center&#8221; use_icon_font_size=&#8221;off&#8221; use_border_color=&#8221;off&#8221; border_color=&#8221;#ffffff&#8221; border_style=&#8221;solid&#8221; header_font=&#8221;Bitter||||&#8221; header_font_size=&#8221;20&#8243;]<\/p>\n<p>Ilumina\u00e7\u00e3o e Sistemas de Cargas<\/p>\n<p>[\/et_pb_blurb][\/et_pb_column][et_pb_column type=&#8221;1_3&#8243;][et_pb_blurb admin_label=&#8221;Blurb&#8221; title=&#8221;C\u00e2mbios e Embreagens&#8221; url_new_window=&#8221;off&#8221; use_icon=&#8221;off&#8221; icon_color=&#8221;#2ea3f2&#8243; use_circle=&#8221;off&#8221; circle_color=&#8221;#2ea3f2&#8243; use_circle_border=&#8221;off&#8221; circle_border_color=&#8221;#2ea3f2&#8243; image=&#8221;https:\/\/zfautocar.com.br\/2018\/wp-content\/uploads\/2018\/11\/transmissao-topo-1024&#215;683.jpg&#8221; icon_placement=&#8221;top&#8221; animation=&#8221;top&#8221; background_layout=&#8221;light&#8221; text_orientation=&#8221;center&#8221; use_icon_font_size=&#8221;off&#8221; use_border_color=&#8221;off&#8221; border_color=&#8221;#ffffff&#8221; border_style=&#8221;solid&#8221; header_font=&#8221;Bitter||||&#8221; header_font_size=&#8221;20&#8243;]<\/p>\n<p>Pe\u00e7as de qualidade<\/p>\n<p>[\/et_pb_blurb][et_pb_blurb admin_label=&#8221;Blurb&#8221; title=&#8221;Inje\u00e7\u00e3o eletr\u00f4nica&#8221; url_new_window=&#8221;off&#8221; use_icon=&#8221;off&#8221; icon_color=&#8221;#2ea3f2&#8243; use_circle=&#8221;off&#8221; circle_color=&#8221;#2ea3f2&#8243; use_circle_border=&#8221;off&#8221; circle_border_color=&#8221;#2ea3f2&#8243; image=&#8221;https:\/\/zfautocar.com.br\/2018\/wp-content\/uploads\/2018\/11\/vidros-e-trava-cinza.jpg&#8221; icon_placement=&#8221;top&#8221; animation=&#8221;top&#8221; background_layout=&#8221;light&#8221; text_orientation=&#8221;center&#8221; use_icon_font_size=&#8221;off&#8221; use_border_color=&#8221;off&#8221; border_color=&#8221;#ffffff&#8221; border_style=&#8221;solid&#8221; header_font=&#8221;Bitter||||&#8221; header_font_size=&#8221;20&#8243;]<\/p>\n<p>Flex, Diesel, Common Rail<\/p>\n<p>[\/et_pb_blurb][et_pb_blurb admin_label=&#8221;Blurb&#8221; title=&#8221;Vidros e Travas El\u00e9tricas&#8221; url_new_window=&#8221;off&#8221; use_icon=&#8221;off&#8221; icon_color=&#8221;#2ea3f2&#8243; use_circle=&#8221;off&#8221; circle_color=&#8221;#2ea3f2&#8243; use_circle_border=&#8221;off&#8221; circle_border_color=&#8221;#2ea3f2&#8243; image=&#8221;https:\/\/zfautocar.com.br\/2018\/wp-content\/uploads\/2018\/11\/vidros-e-trava.jpg&#8221; icon_placement=&#8221;top&#8221; animation=&#8221;top&#8221; background_layout=&#8221;light&#8221; text_orientation=&#8221;center&#8221; use_icon_font_size=&#8221;off&#8221; use_border_color=&#8221;off&#8221; border_color=&#8221;#ffffff&#8221; border_style=&#8221;solid&#8221; header_font=&#8221;Bitter||||&#8221; header_font_size=&#8221;20&#8243;] [\/et_pb_blurb][\/et_pb_column][\/et_pb_row][et_pb_row admin_label=&#8221;Linha&#8221;][et_pb_column type=&#8221;4_4&#8243;][et_pb_image admin_label=&#8221;Image&#8221; src=&#8221;https:\/\/zfautocar.com.br\/2018\/wp-content\/uploads\/2018\/11\/lista-de-servicos-oferecidos-zf-autocar-oficina-mecanica-gnial-gnnc-process-odonto-redes-sociais.png&#8221; show_in_lightbox=&#8221;off&#8221; url_new_window=&#8221;off&#8221; use_overlay=&#8221;off&#8221; animation=&#8221;left&#8221; sticky=&#8221;off&#8221; align=&#8221;center&#8221; force_fullwidth=&#8221;off&#8221; always_center_on_mobile=&#8221;on&#8221; use_border_color=&#8221;off&#8221; border_color=&#8221;#ffffff&#8221; border_style=&#8221;solid&#8221;] [\/et_pb_image][et_pb_text admin_label=&#8221;Texto&#8221; background_layout=&#8221;light&#8221; text_orientation=&#8221;center&#8221; use_border_color=&#8221;off&#8221; border_color=&#8221;#ffffff&#8221; border_style=&#8221;solid&#8221; header_font=&#8221;Bitter||||&#8221; custom_margin=&#8221;0px||50px|&#8221; custom_padding=&#8221;0px||0px|&#8221; header_font_size=&#8221;38px&#8221;]<\/p>\n<h1>Servi\u00e7os Especializados<\/h1>\n<p>[\/et_pb_text][\/et_pb_column][\/et_pb_row][\/et_pb_section]<\/p>\n","protected":false},"excerpt":{"rendered":"<p>[et_pb_section admin_label=&#8221;section&#8221;][et_pb_row admin_label=&#8221;Linha&#8221;][et_pb_column type=&#8221;4_4&#8243;][et_pb_text admin_label=&#8221;Texto&#8221; background_layout=&#8221;light&#8221; text_orientation=&#8221;center&#8221; use_border_color=&#8221;off&#8221; border_color=&#8221;#ffffff&#8221; border_style=&#8221;solid&#8221; header_font=&#8221;Bitter||||&#8221; custom_margin=&#8221;0px||50px|&#8221; custom_padding=&#8221;0px||0px|&#8221; header_font_size=&#8221;38px&#8221;] Servi\u00e7os Especializados [\/et_pb_text][\/et_pb_column][\/et_pb_row][et_pb_row admin_label=&#8221;row&#8221;][et_pb_column type=&#8221;1_3&#8243;][et_pb_blurb admin_label=&#8221;Blurb&#8221; title=&#8221;Suspens\u00e3o&#8221; url_new_window=&#8221;off&#8221; use_icon=&#8221;off&#8221; icon_color=&#8221;#2ea3f2&#8243; use_circle=&#8221;off&#8221; circle_color=&#8221;#2ea3f2&#8243; use_circle_border=&#8221;off&#8221; circle_border_color=&#8221;#2ea3f2&#8243; image=&#8221;https:\/\/zfautocar.com.br\/2018\/wp-content\/uploads\/2018\/11\/suspensao-automotiva-.jpg&#8221; icon_placement=&#8221;top&#8221; animation=&#8221;top&#8221; background_layout=&#8221;light&#8221; text_orientation=&#8221;center&#8221; use_icon_font_size=&#8221;off&#8221; use_border_color=&#8221;off&#8221; border_color=&#8221;#ffffff&#8221; border_style=&#8221;solid&#8221; header_font=&#8221;Bitter||||&#8221; header_font_size=&#8221;20&#8243;] Mec\u00e2nica, Pneum\u00e1tica, Hidr\u00e1ulica [\/et_pb_blurb][et_pb_blurb admin_label=&#8221;Blurb&#8221; title=&#8221;El\u00e9trica e Eletr\u00f4nica&#8221; url_new_window=&#8221;off&#8221; use_icon=&#8221;off&#8221; icon_color=&#8221;#2ea3f2&#8243; use_circle=&#8221;off&#8221; circle_color=&#8221;#2ea3f2&#8243; use_circle_border=&#8221;off&#8221; circle_border_color=&#8221;#2ea3f2&#8243; image=&#8221;https:\/\/zfautocar.com.br\/2018\/wp-content\/uploads\/2018\/11\/el\u00e9trica.jpg&#8221; [&hellip;]<\/p>\n","protected":false},"author":1,"featured_media":0,"parent":0,"menu_order":0,"comment_status":"closed","ping_status":"closed","template":"","meta":[],"_links":{"self":[{"href":"https:\/\/zfautocar.com.br\/2018\/wp-json\/wp\/v2\/pages\/50"}],"collection":[{"href":"https:\/\/zfautocar.com.br\/2018\/wp-json\/wp\/v2\/pages"}],"about":[{"href":"https:\/\/zfautocar.com.br\/2018\/wp-json\/wp\/v2\/types\/page"}],"author":[{"embeddable":true,"href":"https:\/\/zfautocar.com.br\/2018\/wp-json\/wp\/v2\/users\/1"}],"replies":[{"embeddable":true,"href":"https:\/\/zfautocar.com.br\/2018\/wp-json\/wp\/v2\/comments?post=50"}],"version-history":[{"count":11,"href":"https:\/\/zfautocar.com.br\/2018\/wp-json\/wp\/v2\/pages\/50\/revisions"}],"predecessor-version":[{"id":273,"href":"https:\/\/zfautocar.com.br\/2018\/wp-json\/wp\/v2\/pages\/50\/revisions\/273"}],"wp:attachment":[{"href":"https:\/\/zfautocar.com.br\/2018\/wp-json\/wp\/v2\/media?parent=50"}],"curies":[{"name":"wp","href":"https:\/\/api.w.org\/{rel}","templated":true}]}}